{"id":40,"date":"2022-03-28T09:18:55","date_gmt":"2022-03-28T07:18:55","guid":{"rendered":"https:\/\/jawalmrocza.pl\/?page_id=40"},"modified":"2022-04-01T11:20:56","modified_gmt":"2022-04-01T09:20:56","slug":"kariera","status":"publish","type":"page","link":"https:\/\/jawalmrocza.pl\/index.php\/kariera\/","title":{"rendered":"Kariera"},"content":{"rendered":"\n<p>Jawal Mrocza, firma z 25letnim do\u015bwiadczeniem w bran\u017cy rolniczej, w zwi\u0105zku z dynamicznym rozwojem poszukuje pracownika na stanowisko:<\/p>\n","protected":false},"excerpt":{"rendered":"<p>Jawal Mrocza, firma z 25letnim do\u015bwiadczeniem w bran\u017cy rolniczej, w zwi\u0105zku z dynamicznym rozwojem poszukuje pracownika na stanowisko:<\/p>\n","protected":false},"author":1,"featured_media":0,"parent":0,"menu_order":0,"comment_status":"closed","ping_status":"closed","template":"Page Kariera.php","meta":{"inline_featured_image":false},"_links":{"self":[{"href":"https:\/\/jawalmrocza.pl\/index.php\/wp-json\/wp\/v2\/pages\/40"}],"collection":[{"href":"https:\/\/jawalmrocza.pl\/index.php\/wp-json\/wp\/v2\/pages"}],"about":[{"href":"https:\/\/jawalmrocza.pl\/index.php\/wp-json\/wp\/v2\/types\/page"}],"author":[{"embeddable":true,"href":"https:\/\/jawalmrocza.pl\/index.php\/wp-json\/wp\/v2\/users\/1"}],"replies":[{"embeddable":true,"href":"https:\/\/jawalmrocza.pl\/index.php\/wp-json\/wp\/v2\/comments?post=40"}],"version-history":[{"count":4,"href":"https:\/\/jawalmrocza.pl\/index.php\/wp-json\/wp\/v2\/pages\/40\/revisions"}],"predecessor-version":[{"id":274,"href":"https:\/\/jawalmrocza.pl\/index.php\/wp-json\/wp\/v2\/pages\/40\/revisions\/274"}],"wp:attachment":[{"href":"https:\/\/jawalmrocza.pl\/index.php\/wp-json\/wp\/v2\/media?parent=40"}],"curies":[{"name":"wp","href":"https:\/\/api.w.org\/{rel}","templated":true}]}}