{"id":399,"date":"2022-04-06T10:18:09","date_gmt":"2022-04-06T08:18:09","guid":{"rendered":"https:\/\/jawalmrocza.pl\/?page_id=399"},"modified":"2022-05-05T09:19:56","modified_gmt":"2022-05-05T07:19:56","slug":"polityka-prywatnosci-2","status":"publish","type":"page","link":"https:\/\/jawalmrocza.pl\/index.php\/polityka-prywatnosci-2\/","title":{"rendered":"Polityka prywatno\u015bci"},"content":{"rendered":"\n<h3>KLAUZULA informacyjna o przetwarzaniu danych<\/h3>\n\n\n\n<p>Zgodnie z art. 13 ust. 1 i 2 Rozporz\u0105dzenia Parlamentu Europejskiego i Rady (UE) 2016\/679 z dnia 27 kwietnia 2016 r. w sprawie ochrony os\u00f3b fizycznych w zwi\u0105zku z przetwarzaniem danych osobowych i w sprawie swobodnego przep\u0142ywu takich danych oraz uchylenia dyrektywy 95\/46\/WE (og\u00f3lne rozporz\u0105dzenie o ochronie danych, zwane: \u201eRODO\u201d), Dz.U.UE.L.2016.119.1, informujemy, i\u017c:<\/p>\n\n\n\n<ol><li>Administratorem danych osobowych jest: \u201eJAWAL &amp; M.R.Z.MURAWIEC\u201c SP\u00d3\u0141KA JAWNA, z siedzib\u0105: ul. Polna 17, 89-115 Mrocza, wpisana do rejestru przedsi\u0119biorc\u00f3w prowadzonego przez S\u0105d Rejonowy w Bydgoszczy, XIII Wydzia\u0142 Gospodarczy Krajowego Rejestru S\u0105dowego pod numerem KRS: 0000112720, NIP: 5540387465, REGON: 090346501, adres poczty elektronicznej: <a href=\"mailto:biuro@jawalmrocza.pl\">biuro@jawalmrocza.pl<\/a> tel.52385-84-16(zwany: \u201eAdministratorem\u201d).<\/li><li>Podstaw\u0105 prawn\u0105 przetwarzania Pani\/Pana danych osobowych s\u0105:<ul><li>a) zgodnie z art. 6 ust. 1 lit. a) RODO \u2013 zgoda na przetwarzanie danych osobowych, w celu nawi\u0105zania ewentualnej wsp\u00f3\u0142pracy b\u0105d\u017a kontynuowania istniej\u0105cych stosunk\u00f3w handlowych, przesy\u0142ania informacji handlowej lub otrzymywania informacji marketingowych,<\/li><li>b) zgodnie z art. 6 ust. 1 lit. b) RODO &#8211; realizacja umowy (zwanej: \u201eUmow\u0105\u201d), dla kt\u00f3rej przetwarzanie danych jest niezb\u0119dne, a dane osobowe przetwarzane s\u0105 wy\u0142\u0105cznie dla cel\u00f3w zwi\u0105zanych z realizacj\u0105 Umowy oraz do podj\u0119cia niezb\u0119dnych dzia\u0142a\u0144 przed zawarciem Umowy, a tak\u017ce do ustalenia, dochodzenia lub obrony roszcze\u0144,<\/li><li>c) zgodnie z art. 6 ust. 1 lit. c) RODO &#8211; wype\u0142nienie obowi\u0105zku prawnego ci\u0105\u017c\u0105cego na Administratorze,<\/li><li>d) zgodnie z art. 6 ust. 1 lit. e) RODO \u2013 wykonanie zadania realizowanego w interesie publicznym,<\/li><li>e) zgodnie z art. 6 ust. 1 lit. f) RODO &#8211; prawnie uzasadnione interesy, realizowane przez Administratora, w tym dzia\u0142ania marketingowe, dochodzenie roszcze\u0144.<\/li><\/ul><\/li><li>Pani\/Pana dane osobowe b\u0119d\u0105 przetwarzane w ramach prawnie usprawiedliwionego interesu Administratora, w celu przesy\u0142ania informacji w formie marketingu bezpo\u015bredniego, w celu ewentualnego zawarcia Umowy, oraz do podj\u0119cia niezb\u0119dnych dzia\u0142a\u0144 przed zawarciem Umowy, a nast\u0119pnie w zakresie niezb\u0119dnym do wykonywania Umowy oraz dla realizacji przepis\u00f3w prawa. W ramach realizacji tych cel\u00f3w dane b\u0119d\u0105 przetwarzane w szczeg\u00f3lno\u015bci: do kontakt\u00f3w w zwi\u0105zku z marketingiem bezpo\u015brednim, do realizacji zam\u00f3wie\u0144, wykonywania Um\u00f3w oraz umo\u017cliwienia i utrzymywania kontaktu biznesowego, sk\u0142adania reklamacji i innych niezb\u0119dnych czynno\u015bci, takich jak prowadzenie rachunkowo\u015bci i rozliczenia podatkowe.<\/li><li>Podanie danych osobowych jest dobrowolne, jednak\u017ce ich niepodanie spowoduje, \u017ce zawarcie i realizacja Umowy, lub realizacja dzia\u0142a\u0144 marketingowych nie b\u0119d\u0105 mo\u017cliwe.<\/li><li>Dane b\u0119d\u0105 przechowywane nie d\u0142u\u017cej ni\u017c jest to konieczne i wymagane przepisami prawa, tj. w szczeg\u00f3lno\u015bci co najmniej do dnia rozwi\u0105zania Umowy, nie kr\u00f3cej jednak ni\u017c przez okres przedawnienia ewentualnych roszcze\u0144 zwi\u0105zanych z zawarciem i wykonaniem Umowy.<\/li><li>Dane osobowe b\u0119d\u0105 przetwarzane dla potrzeb marketingu bezpo\u015bredniego produkt\u00f3w i us\u0142ug do czasu zg\u0142oszenia przez Pani\u0105\/Pana sprzeciwu wzgl\u0119dem ich przetwarzania w tym celu lub ustalenia, przez Administratora, \u017ce si\u0119 zdezaktualizowa\u0142y.<\/li><li>Pani\/Pana dane osobowe mog\u0105 by\u0107 udost\u0119pniane odbiorcom, je\u017celi b\u0119dzie to wymagane przepisami prawa.<\/li><li>Odbiorcami danych osobowych s\u0105: podmioty \u015bwiadcz\u0105ce us\u0142ugi ksi\u0119gowe, kadrowe, obs\u0142ug\u0119 prawn\u0105, dzia\u0142alno\u015b\u0107 kuriersk\u0105, us\u0142ugi p\u0142atnicze, us\u0142ugi z dziedziny ubezpiecze\u0144, us\u0142ugi informatyczne, kontrahenci.<\/li><li>Dane osobowe nie b\u0119d\u0105 przekazywane poza teren Europejskiego Obszaru Gospodarczego (do pa\u0144stw trzecich) ani do organizacji mi\u0119dzynarodowych.<\/li><li>Posiada Pani\/Pan prawo dost\u0119pu do tre\u015bci swoich danych oraz otrzymania ich kopii, oraz prawo ich sprostowania, usuni\u0119cia, ograniczenia przetwarzania, prawo do przenoszenia danych, prawo do cofni\u0119cia zgody na ich przetwarzanie w dowolnym momencie bez wp\u0142ywu na zgodno\u015b\u0107 z prawem przetwarzania, kt\u00f3rego dokonano na podstawie zgody wyra\u017conej przed jej cofni\u0119ciem.<\/li><li>Ma Pani\/Pan prawo wniesienia sprzeciwu wobec przetwarzania danych.<\/li><li>Ma Pani\/Pan prawo otrzyma\u0107 w ustrukturyzowanym, powszechnie u\u017cywanym formacie nadaj\u0105cym si\u0119 do odczytu maszynowego dane osobowe Pani\/Pana dotycz\u0105ce, kt\u00f3re dostarczono na podstawie zgody lub Umowy, w tym mo\u017ce Pani\/Pan zleci\u0107 przes\u0142anie tych danych bezpo\u015brednio innemu podmiotowi.*1<\/li><li>Ma Pani\/Pan prawo wniesienia skargi do Prezesa Urz\u0119du Ochrony Danych Osobowych lub innego w\u0142a\u015bciwego organu nadzorczego, gdy uzna Pani\/Pan, i\u017c przetwarzanie danych osobowych Pani\/Pana dotycz\u0105cych narusza przepisy RODO.<\/li><li>W oparciu o Pani\/Pana dane osobowe Administrator nie b\u0119dzie podejmowa\u0142 wobec Pani\/Pana zautomatyzowanych decyzji,<\/li><\/ol>\n\n\n\n<p>*1 je\u017celi przetwarzanie opiera si\u0119 na podstawie prawnej zgody lub umowy;<\/p>\n\n\n\n<p>*2 profilowanie oznacza dowoln\u0105 form\u0119 zautomatyzowanego przetwarzania danych osobowych, kt\u00f3re polega na wykorzystaniu danych osobowych do oceny niekt\u00f3rych czynnik\u00f3w osobowych osoby fizycznej, w szczeg\u00f3lno\u015bci do analizy lub prognozy aspekt\u00f3w dotycz\u0105cych pracy tej osoby fizycznej, jej sytuacji ekonomicznej, zdrowia, osobistych preferencji, zainteresowa\u0144, wiarygodno\u015bci, zachowania, lokalizacji lub przemieszczania si\u0119.<\/p>\n","protected":false},"excerpt":{"rendered":"<p>KLAUZULA informacyjna o przetwarzaniu danych Zgodnie z art. 13 ust. 1 i 2 Rozporz\u0105dzenia Parlamentu Europejskiego i Rady (UE) 2016\/679 z dnia 27 kwietnia 2016 r. w sprawie ochrony os\u00f3b fizycznych w zwi\u0105zku z przetwarzaniem danych osobowych i w sprawie swobodnego przep\u0142ywu takich danych oraz uchylenia dyrektywy 95\/46\/WE (og\u00f3lne rozporz\u0105dzenie o ochronie danych, zwane: \u201eRODO\u201d),&hellip; <a class=\"more-link\" href=\"https:\/\/jawalmrocza.pl\/index.php\/polityka-prywatnosci-2\/\">Czytaj dalej <span class=\"screen-reader-text\">Polityka prywatno\u015bci<\/span><\/a><\/p>\n","protected":false},"author":1,"featured_media":0,"parent":0,"menu_order":0,"comment_status":"closed","ping_status":"closed","template":"Page Polityka prywatno\u015bci.php","meta":{"inline_featured_image":false},"_links":{"self":[{"href":"https:\/\/jawalmrocza.pl\/index.php\/wp-json\/wp\/v2\/pages\/399"}],"collection":[{"href":"https:\/\/jawalmrocza.pl\/index.php\/wp-json\/wp\/v2\/pages"}],"about":[{"href":"https:\/\/jawalmrocza.pl\/index.php\/wp-json\/wp\/v2\/types\/page"}],"author":[{"embeddable":true,"href":"https:\/\/jawalmrocza.pl\/index.php\/wp-json\/wp\/v2\/users\/1"}],"replies":[{"embeddable":true,"href":"https:\/\/jawalmrocza.pl\/index.php\/wp-json\/wp\/v2\/comments?post=399"}],"version-history":[{"count":7,"href":"https:\/\/jawalmrocza.pl\/index.php\/wp-json\/wp\/v2\/pages\/399\/revisions"}],"predecessor-version":[{"id":491,"href":"https:\/\/jawalmrocza.pl\/index.php\/wp-json\/wp\/v2\/pages\/399\/revisions\/491"}],"wp:attachment":[{"href":"https:\/\/jawalmrocza.pl\/index.php\/wp-json\/wp\/v2\/media?parent=399"}],"curies":[{"name":"wp","href":"https:\/\/api.w.org\/{rel}","templated":true}]}}