{"id":296,"date":"2022-04-01T12:03:29","date_gmt":"2022-04-01T10:03:29","guid":{"rendered":"https:\/\/jawalmrocza.pl\/?page_id=296"},"modified":"2022-04-12T15:03:57","modified_gmt":"2022-04-12T13:03:57","slug":"srodki-ochrony-roslin","status":"publish","type":"page","link":"https:\/\/jawalmrocza.pl\/index.php\/oferta\/srodki-ochrony-roslin\/","title":{"rendered":"\u015arodki ochrony ro\u015blin"},"content":{"rendered":"\n<p>Pierwsz\u0105 i do tej pory najwi\u0119ksz\u0105 ga\u0142\u0119zi\u0105 naszej dzia\u0142alno\u015bci jest sprzeda\u017c \u015brodk\u00f3w ochrony ro\u015blin. Specjalizujemy si\u0119 w fachowym doradztwie w zakresie doboru i stosowania pestycyd\u00f3w, aby zagwarantowa\u0107 bezpiecze\u0144stwo i maksymaln\u0105 ochron\u0119 Pa\u0144stwa upraw.<\/p>\n","protected":false},"excerpt":{"rendered":"<p>Pierwsz\u0105 i do tej pory najwi\u0119ksz\u0105 ga\u0142\u0119zi\u0105 naszej dzia\u0142alno\u015bci jest sprzeda\u017c \u015brodk\u00f3w ochrony ro\u015blin. Specjalizujemy si\u0119 w fachowym doradztwie w zakresie doboru i stosowania pestycyd\u00f3w, aby zagwarantowa\u0107 bezpiecze\u0144stwo i maksymaln\u0105 ochron\u0119 Pa\u0144stwa upraw.<\/p>\n","protected":false},"author":1,"featured_media":446,"parent":38,"menu_order":0,"comment_status":"closed","ping_status":"closed","template":"Page Oferta.php","meta":{"inline_featured_image":false},"_links":{"self":[{"href":"https:\/\/jawalmrocza.pl\/index.php\/wp-json\/wp\/v2\/pages\/296"}],"collection":[{"href":"https:\/\/jawalmrocza.pl\/index.php\/wp-json\/wp\/v2\/pages"}],"about":[{"href":"https:\/\/jawalmrocza.pl\/index.php\/wp-json\/wp\/v2\/types\/page"}],"author":[{"embeddable":true,"href":"https:\/\/jawalmrocza.pl\/index.php\/wp-json\/wp\/v2\/users\/1"}],"replies":[{"embeddable":true,"href":"https:\/\/jawalmrocza.pl\/index.php\/wp-json\/wp\/v2\/comments?post=296"}],"version-history":[{"count":5,"href":"https:\/\/jawalmrocza.pl\/index.php\/wp-json\/wp\/v2\/pages\/296\/revisions"}],"predecessor-version":[{"id":313,"href":"https:\/\/jawalmrocza.pl\/index.php\/wp-json\/wp\/v2\/pages\/296\/revisions\/313"}],"up":[{"embeddable":true,"href":"https:\/\/jawalmrocza.pl\/index.php\/wp-json\/wp\/v2\/pages\/38"}],"wp:featuredmedia":[{"embeddable":true,"href":"https:\/\/jawalmrocza.pl\/index.php\/wp-json\/wp\/v2\/media\/446"}],"wp:attachment":[{"href":"https:\/\/jawalmrocza.pl\/index.php\/wp-json\/wp\/v2\/media?parent=296"}],"curies":[{"name":"wp","href":"https:\/\/api.w.org\/{rel}","templated":true}]}}