{"id":233,"date":"2022-03-31T08:49:46","date_gmt":"2022-03-31T06:49:46","guid":{"rendered":"https:\/\/jawalmrocza.pl\/?page_id=233"},"modified":"2022-04-12T15:16:54","modified_gmt":"2022-04-12T13:16:54","slug":"folie-i-siatki-rolnicze","status":"publish","type":"page","link":"https:\/\/jawalmrocza.pl\/index.php\/oferta\/folie-i-siatki-rolnicze\/","title":{"rendered":"Folie i siatki rolnicze"},"content":{"rendered":"\n<p>Dzi\u0119ki bezpo\u015bredniej wsp\u00f3\u0142pracy z producentami mo\u017cemy zaproponowa\u0107 Pa\u0144stwu wysokiej jako\u015bci produkty w bardzo atrakcyjnych cenach.<\/p>\n","protected":false},"excerpt":{"rendered":"<p>Dzi\u0119ki bezpo\u015bredniej wsp\u00f3\u0142pracy z producentami mo\u017cemy zaproponowa\u0107 Pa\u0144stwu wysokiej jako\u015bci produkty w bardzo atrakcyjnych cenach.<\/p>\n","protected":false},"author":1,"featured_media":452,"parent":38,"menu_order":0,"comment_status":"closed","ping_status":"closed","template":"Page Oferta.php","meta":{"inline_featured_image":false},"_links":{"self":[{"href":"https:\/\/jawalmrocza.pl\/index.php\/wp-json\/wp\/v2\/pages\/233"}],"collection":[{"href":"https:\/\/jawalmrocza.pl\/index.php\/wp-json\/wp\/v2\/pages"}],"about":[{"href":"https:\/\/jawalmrocza.pl\/index.php\/wp-json\/wp\/v2\/types\/page"}],"author":[{"embeddable":true,"href":"https:\/\/jawalmrocza.pl\/index.php\/wp-json\/wp\/v2\/users\/1"}],"replies":[{"embeddable":true,"href":"https:\/\/jawalmrocza.pl\/index.php\/wp-json\/wp\/v2\/comments?post=233"}],"version-history":[{"count":2,"href":"https:\/\/jawalmrocza.pl\/index.php\/wp-json\/wp\/v2\/pages\/233\/revisions"}],"predecessor-version":[{"id":351,"href":"https:\/\/jawalmrocza.pl\/index.php\/wp-json\/wp\/v2\/pages\/233\/revisions\/351"}],"up":[{"embeddable":true,"href":"https:\/\/jawalmrocza.pl\/index.php\/wp-json\/wp\/v2\/pages\/38"}],"wp:featuredmedia":[{"embeddable":true,"href":"https:\/\/jawalmrocza.pl\/index.php\/wp-json\/wp\/v2\/media\/452"}],"wp:attachment":[{"href":"https:\/\/jawalmrocza.pl\/index.php\/wp-json\/wp\/v2\/media?parent=233"}],"curies":[{"name":"wp","href":"https:\/\/api.w.org\/{rel}","templated":true}]}}