{"id":231,"date":"2022-03-31T08:49:20","date_gmt":"2022-03-31T06:49:20","guid":{"rendered":"https:\/\/jawalmrocza.pl\/?page_id=231"},"modified":"2022-04-12T15:17:03","modified_gmt":"2022-04-12T13:17:03","slug":"artykuly-towarzyszace","status":"publish","type":"page","link":"https:\/\/jawalmrocza.pl\/index.php\/oferta\/artykuly-towarzyszace\/","title":{"rendered":"Artyku\u0142y towarzysz\u0105ce"},"content":{"rendered":"\n<p>W ci\u0105g\u0142ej sprzeda\u017cy posiadamy tak\u017ce inne towary przydatne w produkcji rolniczej.<\/p>\n","protected":false},"excerpt":{"rendered":"<p>W ci\u0105g\u0142ej sprzeda\u017cy posiadamy tak\u017ce inne towary przydatne w produkcji rolniczej.<\/p>\n","protected":false},"author":1,"featured_media":448,"parent":38,"menu_order":0,"comment_status":"closed","ping_status":"closed","template":"Page Oferta.php","meta":{"inline_featured_image":false},"_links":{"self":[{"href":"https:\/\/jawalmrocza.pl\/index.php\/wp-json\/wp\/v2\/pages\/231"}],"collection":[{"href":"https:\/\/jawalmrocza.pl\/index.php\/wp-json\/wp\/v2\/pages"}],"about":[{"href":"https:\/\/jawalmrocza.pl\/index.php\/wp-json\/wp\/v2\/types\/page"}],"author":[{"embeddable":true,"href":"https:\/\/jawalmrocza.pl\/index.php\/wp-json\/wp\/v2\/users\/1"}],"replies":[{"embeddable":true,"href":"https:\/\/jawalmrocza.pl\/index.php\/wp-json\/wp\/v2\/comments?post=231"}],"version-history":[{"count":2,"href":"https:\/\/jawalmrocza.pl\/index.php\/wp-json\/wp\/v2\/pages\/231\/revisions"}],"predecessor-version":[{"id":348,"href":"https:\/\/jawalmrocza.pl\/index.php\/wp-json\/wp\/v2\/pages\/231\/revisions\/348"}],"up":[{"embeddable":true,"href":"https:\/\/jawalmrocza.pl\/index.php\/wp-json\/wp\/v2\/pages\/38"}],"wp:featuredmedia":[{"embeddable":true,"href":"https:\/\/jawalmrocza.pl\/index.php\/wp-json\/wp\/v2\/media\/448"}],"wp:attachment":[{"href":"https:\/\/jawalmrocza.pl\/index.php\/wp-json\/wp\/v2\/media?parent=231"}],"curies":[{"name":"wp","href":"https:\/\/api.w.org\/{rel}","templated":true}]}}