{"id":227,"date":"2022-03-31T08:48:33","date_gmt":"2022-03-31T06:48:33","guid":{"rendered":"https:\/\/jawalmrocza.pl\/?page_id=227"},"modified":"2022-04-12T15:17:17","modified_gmt":"2022-04-12T13:17:17","slug":"nawozy-dolistne-i-posypowe","status":"publish","type":"page","link":"https:\/\/jawalmrocza.pl\/index.php\/oferta\/nawozy-dolistne-i-posypowe\/","title":{"rendered":"Nawozy dolistne i posypowe"},"content":{"rendered":"\n<p>z Strategi\u0105 naszej firmy jest oferowanie skutecznych rozwi\u0105za\u0144 w produkcji ro\u015blinnej. Celem stosowania nawoz\u00f3w dolistnych przez naszych doradc\u00f3w jest poprawienie kondycji oraz wzrostu ilo\u015bci i jako\u015bci plonu.<\/p>\n","protected":false},"excerpt":{"rendered":"<p>z Strategi\u0105 naszej firmy jest oferowanie skutecznych rozwi\u0105za\u0144 w produkcji ro\u015blinnej. Celem stosowania nawoz\u00f3w dolistnych przez naszych doradc\u00f3w jest poprawienie kondycji oraz wzrostu ilo\u015bci i jako\u015bci plonu.<\/p>\n","protected":false},"author":1,"featured_media":450,"parent":38,"menu_order":0,"comment_status":"closed","ping_status":"closed","template":"Page Oferta.php","meta":{"inline_featured_image":false},"_links":{"self":[{"href":"https:\/\/jawalmrocza.pl\/index.php\/wp-json\/wp\/v2\/pages\/227"}],"collection":[{"href":"https:\/\/jawalmrocza.pl\/index.php\/wp-json\/wp\/v2\/pages"}],"about":[{"href":"https:\/\/jawalmrocza.pl\/index.php\/wp-json\/wp\/v2\/types\/page"}],"author":[{"embeddable":true,"href":"https:\/\/jawalmrocza.pl\/index.php\/wp-json\/wp\/v2\/users\/1"}],"replies":[{"embeddable":true,"href":"https:\/\/jawalmrocza.pl\/index.php\/wp-json\/wp\/v2\/comments?post=227"}],"version-history":[{"count":2,"href":"https:\/\/jawalmrocza.pl\/index.php\/wp-json\/wp\/v2\/pages\/227\/revisions"}],"predecessor-version":[{"id":340,"href":"https:\/\/jawalmrocza.pl\/index.php\/wp-json\/wp\/v2\/pages\/227\/revisions\/340"}],"up":[{"embeddable":true,"href":"https:\/\/jawalmrocza.pl\/index.php\/wp-json\/wp\/v2\/pages\/38"}],"wp:featuredmedia":[{"embeddable":true,"href":"https:\/\/jawalmrocza.pl\/index.php\/wp-json\/wp\/v2\/media\/450"}],"wp:attachment":[{"href":"https:\/\/jawalmrocza.pl\/index.php\/wp-json\/wp\/v2\/media?parent=227"}],"curies":[{"name":"wp","href":"https:\/\/api.w.org\/{rel}","templated":true}]}}